{"id":2256,"date":"2026-03-29T22:13:08","date_gmt":"2026-03-29T22:13:08","guid":{"rendered":"https:\/\/MGS.upvision.site\/?page_id=2256"},"modified":"2026-04-18T08:05:48","modified_gmt":"2026-04-18T08:05:48","slug":"blog","status":"publish","type":"page","link":"https:\/\/mgscolor.sk\/?page_id=2256","title":{"rendered":"Blog"},"content":{"rendered":"\t\t<div data-elementor-type=\"wp-page\" data-elementor-id=\"2256\" class=\"elementor elementor-2256\" data-elementor-post-type=\"page\">\n\t\t\t\t<div class=\"elementor-element elementor-element-28e4a85 elementor-hidden-desktop e-flex e-con-boxed e-con e-parent\" data-id=\"28e4a85\" data-element_type=\"container\" data-settings=\"{&quot;background_background&quot;:&quot;classic&quot;}\">\n\t\t\t\t\t<div class=\"e-con-inner\">\n\t\t<div class=\"elementor-element elementor-element-8c9e621 e-con-full e-flex e-con e-child\" data-id=\"8c9e621\" data-element_type=\"container\">\n\t\t\t\t<div class=\"elementor-element elementor-element-52cd640 elementor-widget elementor-widget-heading\" data-id=\"52cd640\" data-element_type=\"widget\" data-widget_type=\"heading.default\">\n\t\t\t\t\t<h2 class=\"elementor-heading-title elementor-size-default\">BLOG<\/h2>\t\t\t\t<\/div>\n\t\t\t\t<div class=\"elementor-element elementor-element-d86b89a elementor-widget__width-initial elementor-widget elementor-widget-text-editor\" data-id=\"d86b89a\" data-element_type=\"widget\" data-widget_type=\"text-editor.default\">\n\t\t\t\t\t\t\t\t\tOdborn\u00edci na farby, laky, n\u00e1radie a z\u00e1hradk\u00e1rske potreby.\t\t\t\t\t\t\t\t<\/div>\n\t\t\t\t<\/div>\n\t\t\t\t\t<\/div>\n\t\t\t\t<\/div>\n\t\t<div class=\"elementor-element elementor-element-53b8543 elementor-hidden-tablet elementor-hidden-mobile \/blog e-flex e-con-boxed e-con e-parent\" data-id=\"53b8543\" data-element_type=\"container\" data-settings=\"{&quot;background_background&quot;:&quot;classic&quot;}\">\n\t\t\t\t\t<div class=\"e-con-inner\">\n\t\t<div class=\"elementor-element elementor-element-45fb5bd e-con-full e-flex e-con e-child\" data-id=\"45fb5bd\" data-element_type=\"container\">\n\t\t\t\t<div class=\"elementor-element elementor-element-cbbc127 elementor-widget elementor-widget-heading\" data-id=\"cbbc127\" data-element_type=\"widget\" data-widget_type=\"heading.default\">\n\t\t\t\t\t<h2 class=\"elementor-heading-title elementor-size-default\">BLOG<\/h2>\t\t\t\t<\/div>\n\t\t\t\t<div class=\"elementor-element elementor-element-f145021 elementor-widget__width-initial elementor-widget elementor-widget-text-editor\" data-id=\"f145021\" data-element_type=\"widget\" data-widget_type=\"text-editor.default\">\n\t\t\t\t\t\t\t\t\tTipy, rady a novinky pre dom\u00e1cnos\u0165, diel\u0148u\na z\u00e1hradu. Objavte praktick\u00e9 \u010dl\u00e1nky.\t\t\t\t\t\t\t\t<\/div>\n\t\t\t\t<\/div>\n\t\t\t\t\t<\/div>\n\t\t\t\t<\/div>\n\t\t<div class=\"elementor-element elementor-element-24a03ce3 e-flex e-con-boxed e-con e-parent\" data-id=\"24a03ce3\" data-element_type=\"container\">\n\t\t\t\t\t<div class=\"e-con-inner\">\n\t\t\t\t<div class=\"elementor-element elementor-element-0441355 elementor-widget elementor-widget-heading\" data-id=\"0441355\" data-element_type=\"widget\" data-widget_type=\"heading.default\">\n\t\t\t\t\t<h2 class=\"elementor-heading-title elementor-size-default\">NOVINKY<\/h2>\t\t\t\t<\/div>\n\t\t\t\t<div class=\"elementor-element elementor-element-7fdd8f9 elementor-widget__width-initial elementor-widget elementor-widget-text-editor\" data-id=\"7fdd8f9\" data-element_type=\"widget\" data-widget_type=\"text-editor.default\">\n\t\t\t\t\t\t\t\t\tOdborn\u00edci na farby, laky, n\u00e1radie a z\u00e1hradk\u00e1rske potreby.\t\t\t\t\t\t\t\t<\/div>\n\t\t\t\t<div class=\"elementor-element elementor-element-5cae4e96 elementor-posts__hover-none elementor-widget-mobile__width-inherit elementor-hidden-desktop elementor-hidden-tablet elementor-hidden-mobile elementor-grid-3 elementor-grid-tablet-2 elementor-grid-mobile-1 elementor-posts--thumbnail-top elementor-card-shadow-yes elementor-widget elementor-widget-posts\" data-id=\"5cae4e96\" data-element_type=\"widget\" data-settings=\"{&quot;pagination_type&quot;:&quot;numbers&quot;,&quot;cards_columns&quot;:&quot;3&quot;,&quot;cards_columns_tablet&quot;:&quot;2&quot;,&quot;cards_columns_mobile&quot;:&quot;1&quot;,&quot;cards_row_gap&quot;:{&quot;unit&quot;:&quot;px&quot;,&quot;size&quot;:35,&quot;sizes&quot;:[]},&quot;cards_row_gap_tablet&quot;:{&quot;unit&quot;:&quot;px&quot;,&quot;size&quot;:&quot;&quot;,&quot;sizes&quot;:[]},&quot;cards_row_gap_mobile&quot;:{&quot;unit&quot;:&quot;px&quot;,&quot;size&quot;:&quot;&quot;,&quot;sizes&quot;:[]}}\" data-widget_type=\"posts.cards\">\n\t\t\t\t<div class=\"elementor-widget-container\">\n\t\t\t\t\t\t\t<div class=\"elementor-posts-container elementor-posts elementor-posts--skin-cards elementor-grid\" role=\"list\">\n\t\t\t\t<article class=\"elementor-post elementor-grid-item post-2202 post type-post status-publish format-standard has-post-thumbnail hentry category-kategoria\" role=\"listitem\">\n\t\t\t<div class=\"elementor-post__card\">\n\t\t\t\t<a class=\"elementor-post__thumbnail__link\" href=\"https:\/\/mgscolor.sk\/?p=2202\" tabindex=\"-1\" ><div class=\"elementor-post__thumbnail\"><img loading=\"lazy\" decoding=\"async\" width=\"2560\" height=\"1707\" src=\"https:\/\/mgscolor.sk\/wp-content\/uploads\/2026\/03\/ee4d68a468cb2e5ed7d1453aafcdf6029a46374d-scaled.jpg\" class=\"attachment-full size-full wp-image-2276\" alt=\"\" srcset=\"https:\/\/mgscolor.sk\/wp-content\/uploads\/2026\/03\/ee4d68a468cb2e5ed7d1453aafcdf6029a46374d-scaled.jpg 2560w, https:\/\/mgscolor.sk\/wp-content\/uploads\/2026\/03\/ee4d68a468cb2e5ed7d1453aafcdf6029a46374d-300x200.jpg 300w, https:\/\/mgscolor.sk\/wp-content\/uploads\/2026\/03\/ee4d68a468cb2e5ed7d1453aafcdf6029a46374d-1024x683.jpg 1024w, https:\/\/mgscolor.sk\/wp-content\/uploads\/2026\/03\/ee4d68a468cb2e5ed7d1453aafcdf6029a46374d-768x512.jpg 768w, https:\/\/mgscolor.sk\/wp-content\/uploads\/2026\/03\/ee4d68a468cb2e5ed7d1453aafcdf6029a46374d-1536x1024.jpg 1536w, https:\/\/mgscolor.sk\/wp-content\/uploads\/2026\/03\/ee4d68a468cb2e5ed7d1453aafcdf6029a46374d-2048x1365.jpg 2048w\" sizes=\"auto, (max-width: 2560px) 100vw, 2560px\" \/><\/div><\/a>\n\t\t\t\t<div class=\"elementor-post__badge\">KATEG\u00d3RIA<\/div>\n\t\t\t\t<div class=\"elementor-post__text\">\n\t\t\t\t<h3 class=\"elementor-post__title\">\n\t\t\t<a href=\"https:\/\/mgscolor.sk\/?p=2202\" >\n\t\t\t\tNadpis \u010cl\u00e1nku\t\t\t<\/a>\n\t\t<\/h3>\n\t\t\t\t<div class=\"elementor-post__excerpt\">\n\t\t\t<p>Lorem ipsum dolor sit amet consectetur. Amet morbi diam ut morbi dignissim metus.<\/p>\n\t\t<\/div>\n\t\t\t\t<\/div>\n\t\t\t\t<div class=\"elementor-post__meta-data\">\n\t\t\t\t\t<span class=\"elementor-post-date\">\n\t\t\t29 marca, 2026\t\t<\/span>\n\t\t\t\t<\/div>\n\t\t\t\t\t<\/div>\n\t\t<\/article>\n\t\t\t\t<article class=\"elementor-post elementor-grid-item post-2203 post type-post status-publish format-standard has-post-thumbnail hentry category-kategoria\" role=\"listitem\">\n\t\t\t<div class=\"elementor-post__card\">\n\t\t\t\t<a class=\"elementor-post__thumbnail__link\" href=\"https:\/\/mgscolor.sk\/?p=2203\" tabindex=\"-1\" ><div class=\"elementor-post__thumbnail\"><img loading=\"lazy\" decoding=\"async\" width=\"2560\" height=\"1707\" src=\"https:\/\/mgscolor.sk\/wp-content\/uploads\/2026\/03\/ae3cf2725e312f3269ca817fc1d51d84c75c1045-scaled.jpg\" class=\"attachment-full size-full wp-image-2275\" alt=\"\" srcset=\"https:\/\/mgscolor.sk\/wp-content\/uploads\/2026\/03\/ae3cf2725e312f3269ca817fc1d51d84c75c1045-scaled.jpg 2560w, https:\/\/mgscolor.sk\/wp-content\/uploads\/2026\/03\/ae3cf2725e312f3269ca817fc1d51d84c75c1045-300x200.jpg 300w, https:\/\/mgscolor.sk\/wp-content\/uploads\/2026\/03\/ae3cf2725e312f3269ca817fc1d51d84c75c1045-1024x683.jpg 1024w, https:\/\/mgscolor.sk\/wp-content\/uploads\/2026\/03\/ae3cf2725e312f3269ca817fc1d51d84c75c1045-768x512.jpg 768w, https:\/\/mgscolor.sk\/wp-content\/uploads\/2026\/03\/ae3cf2725e312f3269ca817fc1d51d84c75c1045-1536x1024.jpg 1536w, https:\/\/mgscolor.sk\/wp-content\/uploads\/2026\/03\/ae3cf2725e312f3269ca817fc1d51d84c75c1045-2048x1366.jpg 2048w\" sizes=\"auto, (max-width: 2560px) 100vw, 2560px\" \/><\/div><\/a>\n\t\t\t\t<div class=\"elementor-post__badge\">KATEG\u00d3RIA<\/div>\n\t\t\t\t<div class=\"elementor-post__text\">\n\t\t\t\t<h3 class=\"elementor-post__title\">\n\t\t\t<a href=\"https:\/\/mgscolor.sk\/?p=2203\" >\n\t\t\t\tNadpis \u010cl\u00e1nku\t\t\t<\/a>\n\t\t<\/h3>\n\t\t\t\t<div class=\"elementor-post__excerpt\">\n\t\t\t<p>Lorem ipsum dolor sit amet consectetur. Amet morbi diam ut morbi dignissim metus.<\/p>\n\t\t<\/div>\n\t\t\t\t<\/div>\n\t\t\t\t<div class=\"elementor-post__meta-data\">\n\t\t\t\t\t<span class=\"elementor-post-date\">\n\t\t\t29 marca, 2026\t\t<\/span>\n\t\t\t\t<\/div>\n\t\t\t\t\t<\/div>\n\t\t<\/article>\n\t\t\t\t<article class=\"elementor-post elementor-grid-item post-2204 post type-post status-publish format-standard has-post-thumbnail hentry category-kategoria\" role=\"listitem\">\n\t\t\t<div class=\"elementor-post__card\">\n\t\t\t\t<a class=\"elementor-post__thumbnail__link\" href=\"https:\/\/mgscolor.sk\/?p=2204\" tabindex=\"-1\" ><div class=\"elementor-post__thumbnail\"><img loading=\"lazy\" decoding=\"async\" width=\"2560\" height=\"1706\" src=\"https:\/\/mgscolor.sk\/wp-content\/uploads\/2026\/03\/137446d6d118b644bae6b9c45ff0c84c57fdc198-scaled.jpg\" class=\"attachment-full size-full wp-image-2274\" alt=\"\" srcset=\"https:\/\/mgscolor.sk\/wp-content\/uploads\/2026\/03\/137446d6d118b644bae6b9c45ff0c84c57fdc198-scaled.jpg 2560w, https:\/\/mgscolor.sk\/wp-content\/uploads\/2026\/03\/137446d6d118b644bae6b9c45ff0c84c57fdc198-300x200.jpg 300w, https:\/\/mgscolor.sk\/wp-content\/uploads\/2026\/03\/137446d6d118b644bae6b9c45ff0c84c57fdc198-1024x683.jpg 1024w, https:\/\/mgscolor.sk\/wp-content\/uploads\/2026\/03\/137446d6d118b644bae6b9c45ff0c84c57fdc198-768x512.jpg 768w, https:\/\/mgscolor.sk\/wp-content\/uploads\/2026\/03\/137446d6d118b644bae6b9c45ff0c84c57fdc198-1536x1024.jpg 1536w, https:\/\/mgscolor.sk\/wp-content\/uploads\/2026\/03\/137446d6d118b644bae6b9c45ff0c84c57fdc198-2048x1365.jpg 2048w\" sizes=\"auto, (max-width: 2560px) 100vw, 2560px\" \/><\/div><\/a>\n\t\t\t\t<div class=\"elementor-post__badge\">KATEG\u00d3RIA<\/div>\n\t\t\t\t<div class=\"elementor-post__text\">\n\t\t\t\t<h3 class=\"elementor-post__title\">\n\t\t\t<a href=\"https:\/\/mgscolor.sk\/?p=2204\" >\n\t\t\t\tNadpis \u010cl\u00e1nku\t\t\t<\/a>\n\t\t<\/h3>\n\t\t\t\t<div class=\"elementor-post__excerpt\">\n\t\t\t<p>Lorem ipsum dolor sit amet consectetur. Amet morbi diam ut morbi dignissim metus.<\/p>\n\t\t<\/div>\n\t\t\t\t<\/div>\n\t\t\t\t<div class=\"elementor-post__meta-data\">\n\t\t\t\t\t<span class=\"elementor-post-date\">\n\t\t\t29 marca, 2026\t\t<\/span>\n\t\t\t\t<\/div>\n\t\t\t\t\t<\/div>\n\t\t<\/article>\n\t\t\t\t<article class=\"elementor-post elementor-grid-item post-2205 post type-post status-publish format-standard has-post-thumbnail hentry category-kategoria\" role=\"listitem\">\n\t\t\t<div class=\"elementor-post__card\">\n\t\t\t\t<a class=\"elementor-post__thumbnail__link\" href=\"https:\/\/mgscolor.sk\/?p=2205\" tabindex=\"-1\" ><div class=\"elementor-post__thumbnail\"><img loading=\"lazy\" decoding=\"async\" width=\"2560\" height=\"1707\" src=\"https:\/\/mgscolor.sk\/wp-content\/uploads\/2026\/03\/a4b950d84ab7a08d6cf5bda4027e3e99f945b8e5-scaled.jpg\" class=\"attachment-full size-full wp-image-2273\" alt=\"\" srcset=\"https:\/\/mgscolor.sk\/wp-content\/uploads\/2026\/03\/a4b950d84ab7a08d6cf5bda4027e3e99f945b8e5-scaled.jpg 2560w, https:\/\/mgscolor.sk\/wp-content\/uploads\/2026\/03\/a4b950d84ab7a08d6cf5bda4027e3e99f945b8e5-300x200.jpg 300w, https:\/\/mgscolor.sk\/wp-content\/uploads\/2026\/03\/a4b950d84ab7a08d6cf5bda4027e3e99f945b8e5-1024x683.jpg 1024w, https:\/\/mgscolor.sk\/wp-content\/uploads\/2026\/03\/a4b950d84ab7a08d6cf5bda4027e3e99f945b8e5-768x512.jpg 768w, https:\/\/mgscolor.sk\/wp-content\/uploads\/2026\/03\/a4b950d84ab7a08d6cf5bda4027e3e99f945b8e5-1536x1024.jpg 1536w, https:\/\/mgscolor.sk\/wp-content\/uploads\/2026\/03\/a4b950d84ab7a08d6cf5bda4027e3e99f945b8e5-2048x1366.jpg 2048w\" sizes=\"auto, (max-width: 2560px) 100vw, 2560px\" \/><\/div><\/a>\n\t\t\t\t<div class=\"elementor-post__badge\">KATEG\u00d3RIA<\/div>\n\t\t\t\t<div class=\"elementor-post__text\">\n\t\t\t\t<h3 class=\"elementor-post__title\">\n\t\t\t<a href=\"https:\/\/mgscolor.sk\/?p=2205\" >\n\t\t\t\tNadpis \u010cl\u00e1nku\t\t\t<\/a>\n\t\t<\/h3>\n\t\t\t\t<div class=\"elementor-post__excerpt\">\n\t\t\t<p>Lorem ipsum dolor sit amet consectetur. Amet morbi diam ut morbi dignissim metus.<\/p>\n\t\t<\/div>\n\t\t\t\t<\/div>\n\t\t\t\t<div class=\"elementor-post__meta-data\">\n\t\t\t\t\t<span class=\"elementor-post-date\">\n\t\t\t29 marca, 2026\t\t<\/span>\n\t\t\t\t<\/div>\n\t\t\t\t\t<\/div>\n\t\t<\/article>\n\t\t\t\t<article class=\"elementor-post elementor-grid-item post-2200 post type-post status-publish format-standard has-post-thumbnail hentry category-kategoria\" role=\"listitem\">\n\t\t\t<div class=\"elementor-post__card\">\n\t\t\t\t<a class=\"elementor-post__thumbnail__link\" href=\"https:\/\/mgscolor.sk\/?p=2200\" tabindex=\"-1\" ><div class=\"elementor-post__thumbnail\"><img loading=\"lazy\" decoding=\"async\" width=\"2560\" height=\"1707\" src=\"https:\/\/mgscolor.sk\/wp-content\/uploads\/2026\/03\/9ed3be0a2502d9f5a2de19dc084b2c47eda834ec-scaled.jpg\" class=\"attachment-full size-full wp-image-2272\" alt=\"\" srcset=\"https:\/\/mgscolor.sk\/wp-content\/uploads\/2026\/03\/9ed3be0a2502d9f5a2de19dc084b2c47eda834ec-scaled.jpg 2560w, https:\/\/mgscolor.sk\/wp-content\/uploads\/2026\/03\/9ed3be0a2502d9f5a2de19dc084b2c47eda834ec-300x200.jpg 300w, https:\/\/mgscolor.sk\/wp-content\/uploads\/2026\/03\/9ed3be0a2502d9f5a2de19dc084b2c47eda834ec-1024x683.jpg 1024w, https:\/\/mgscolor.sk\/wp-content\/uploads\/2026\/03\/9ed3be0a2502d9f5a2de19dc084b2c47eda834ec-768x512.jpg 768w, https:\/\/mgscolor.sk\/wp-content\/uploads\/2026\/03\/9ed3be0a2502d9f5a2de19dc084b2c47eda834ec-1536x1024.jpg 1536w, https:\/\/mgscolor.sk\/wp-content\/uploads\/2026\/03\/9ed3be0a2502d9f5a2de19dc084b2c47eda834ec-2048x1366.jpg 2048w\" sizes=\"auto, (max-width: 2560px) 100vw, 2560px\" \/><\/div><\/a>\n\t\t\t\t<div class=\"elementor-post__badge\">KATEG\u00d3RIA<\/div>\n\t\t\t\t<div class=\"elementor-post__text\">\n\t\t\t\t<h3 class=\"elementor-post__title\">\n\t\t\t<a href=\"https:\/\/mgscolor.sk\/?p=2200\" >\n\t\t\t\tNadpis \u010cl\u00e1nku\t\t\t<\/a>\n\t\t<\/h3>\n\t\t\t\t<div class=\"elementor-post__excerpt\">\n\t\t\t<p>Lorem ipsum dolor sit amet consectetur. Amet morbi diam ut morbi dignissim metus.<\/p>\n\t\t<\/div>\n\t\t\t\t<\/div>\n\t\t\t\t<div class=\"elementor-post__meta-data\">\n\t\t\t\t\t<span class=\"elementor-post-date\">\n\t\t\t29 marca, 2026\t\t<\/span>\n\t\t\t\t<\/div>\n\t\t\t\t\t<\/div>\n\t\t<\/article>\n\t\t\t\t<article class=\"elementor-post elementor-grid-item post-2195 post type-post status-publish format-standard has-post-thumbnail hentry category-kategoria\" role=\"listitem\">\n\t\t\t<div class=\"elementor-post__card\">\n\t\t\t\t<a class=\"elementor-post__thumbnail__link\" href=\"https:\/\/mgscolor.sk\/?p=2195\" tabindex=\"-1\" ><div class=\"elementor-post__thumbnail\"><img loading=\"lazy\" decoding=\"async\" width=\"2560\" height=\"1707\" src=\"https:\/\/mgscolor.sk\/wp-content\/uploads\/2026\/03\/bb1598a6289d672078062a1d98f96941d8f0ed8d-scaled.jpg\" class=\"attachment-full size-full wp-image-2198\" alt=\"\" srcset=\"https:\/\/mgscolor.sk\/wp-content\/uploads\/2026\/03\/bb1598a6289d672078062a1d98f96941d8f0ed8d-scaled.jpg 2560w, https:\/\/mgscolor.sk\/wp-content\/uploads\/2026\/03\/bb1598a6289d672078062a1d98f96941d8f0ed8d-300x200.jpg 300w, https:\/\/mgscolor.sk\/wp-content\/uploads\/2026\/03\/bb1598a6289d672078062a1d98f96941d8f0ed8d-1024x683.jpg 1024w, https:\/\/mgscolor.sk\/wp-content\/uploads\/2026\/03\/bb1598a6289d672078062a1d98f96941d8f0ed8d-768x512.jpg 768w, https:\/\/mgscolor.sk\/wp-content\/uploads\/2026\/03\/bb1598a6289d672078062a1d98f96941d8f0ed8d-1536x1024.jpg 1536w, https:\/\/mgscolor.sk\/wp-content\/uploads\/2026\/03\/bb1598a6289d672078062a1d98f96941d8f0ed8d-2048x1366.jpg 2048w\" sizes=\"auto, (max-width: 2560px) 100vw, 2560px\" \/><\/div><\/a>\n\t\t\t\t<div class=\"elementor-post__badge\">KATEG\u00d3RIA<\/div>\n\t\t\t\t<div class=\"elementor-post__text\">\n\t\t\t\t<h3 class=\"elementor-post__title\">\n\t\t\t<a href=\"https:\/\/mgscolor.sk\/?p=2195\" >\n\t\t\t\tNadpis \u010cl\u00e1nku\t\t\t<\/a>\n\t\t<\/h3>\n\t\t\t\t<div class=\"elementor-post__excerpt\">\n\t\t\t<p>Lorem ipsum dolor sit amet consectetur. Amet morbi diam ut morbi dignissim metus.<\/p>\n\t\t<\/div>\n\t\t\t\t<\/div>\n\t\t\t\t<div class=\"elementor-post__meta-data\">\n\t\t\t\t\t<span class=\"elementor-post-date\">\n\t\t\t29 marca, 2026\t\t<\/span>\n\t\t\t\t<\/div>\n\t\t\t\t\t<\/div>\n\t\t<\/article>\n\t\t\t\t<\/div>\n\t\t\n\t\t\t\t\t\t<\/div>\n\t\t\t\t<\/div>\n\t\t\t\t\t<\/div>\n\t\t\t\t<\/div>\n\t\t<div class=\"elementor-element elementor-element-b06a31b e-con-full elementor-hidden-desktop e-flex e-con e-parent\" data-id=\"b06a31b\" data-element_type=\"container\" data-settings=\"{&quot;background_background&quot;:&quot;classic&quot;}\">\n\t\t<div class=\"elementor-element elementor-element-8d70ccf e-con-full e-flex e-con e-child\" data-id=\"8d70ccf\" data-element_type=\"container\">\n\t\t<div class=\"elementor-element elementor-element-c9dc523 e-con-full e-flex e-con e-child\" data-id=\"c9dc523\" data-element_type=\"container\">\n\t\t\t\t<div class=\"elementor-element elementor-element-d33369b elementor-widget__width-initial elementor-widget elementor-widget-heading\" data-id=\"d33369b\" data-element_type=\"widget\" data-widget_type=\"heading.default\">\n\t\t\t\t\t<h2 class=\"elementor-heading-title elementor-size-default\">M\u00e1te ot\u00e1zku \n<br> alebo potrebujete poradi\u0165?<\/h2>\t\t\t\t<\/div>\n\t\t\t\t<div class=\"elementor-element elementor-element-247b860 elementor-widget__width-initial elementor-widget elementor-widget-text-editor\" data-id=\"247b860\" data-element_type=\"widget\" data-widget_type=\"text-editor.default\">\n\t\t\t\t\t\t\t\t\t<p>Nev\u00e1hajte n\u00e1s kontaktova\u0165. S rados\u0165ou v\u00e1m pom\u00f4\u017eeme, vysvetl\u00edme v\u0161etky detaily a odporu\u010d\u00edme rie\u0161enie, ktor\u00e9 bude pre v\u00e1s najvhodnej\u0161ie.<\/p>\t\t\t\t\t\t\t\t<\/div>\n\t\t\t\t<\/div>\n\t\t<div class=\"elementor-element elementor-element-146ecf8 e-con-full e-flex e-con e-child\" data-id=\"146ecf8\" data-element_type=\"container\">\n\t\t\t\t<div class=\"elementor-element elementor-element-c657ae5 elementor-align-center elementor-widget__width-initial elementor-mobile-align-justify elementor-widget elementor-widget-button\" data-id=\"c657ae5\" data-element_type=\"widget\" data-widget_type=\"button.default\">\n\t\t\t\t\t\t\t\t\t\t<a class=\"elementor-button elementor-button-link elementor-size-sm\" href=\"\/kontakt\">\n\t\t\t\t\t\t<span class=\"elementor-button-content-wrapper\">\n\t\t\t\t\t\t<span class=\"elementor-button-icon\">\n\t\t\t\t<svg xmlns=\"http:\/\/www.w3.org\/2000\/svg\" width=\"12\" height=\"12\" viewBox=\"0 0 12 12\" fill=\"none\"><path d=\"M1.70589 11.3066L9.60428 3.40826V10.3096C9.60428 10.8612 10.0568 11.3137 10.6084 11.3137C10.7393 11.3138 10.869 11.2881 10.9901 11.2381C11.1111 11.188 11.2211 11.1146 11.3137 11.022C11.4063 10.9294 11.4797 10.8194 11.5298 10.6984C11.5798 10.5774 11.6055 10.4477 11.6054 10.3167V0.997021C11.6055 0.866053 11.5798 0.736344 11.5298 0.615319C11.4797 0.494294 11.4063 0.38433 11.3137 0.291722C11.2211 0.199113 11.1111 0.125678 10.9901 0.0756211C10.869 0.0255637 10.7393 -0.000133746 10.6084 5.2346e-07H1.2887C1.15777 5.2346e-07 1.02812 0.0257902 0.907159 0.0758952C0.786195 0.126 0.676285 0.19944 0.583703 0.292022C0.491121 0.384604 0.417681 0.494515 0.367576 0.615479C0.317471 0.736443 0.291681 0.86609 0.291681 0.997021C0.291681 1.12795 0.317471 1.2576 0.367576 1.37856C0.417681 1.49953 0.491121 1.60944 0.583703 1.70202C0.676285 1.7946 0.786195 1.86804 0.907159 1.91815C1.02812 1.96825 1.15777 1.99404 1.2887 1.99404L8.19006 1.99404L0.291682 9.89242C-0.097227 10.2813 -0.0972274 10.9177 0.291681 11.3066C0.68059 11.6955 1.31699 11.6955 1.70589 11.3066Z\" fill=\"white\"><\/path><\/svg>\t\t\t<\/span>\n\t\t\t\t\t\t\t\t\t<span class=\"elementor-button-text\">Kontakt<\/span>\n\t\t\t\t\t<\/span>\n\t\t\t\t\t<\/a>\n\t\t\t\t\t\t\t\t<\/div>\n\t\t\t\t<\/div>\n\t\t\t\t<\/div>\n\t\t\t\t<\/div>\n\t\t<div class=\"elementor-element elementor-element-80ea0f1 e-con-full elementor-hidden-tablet elementor-hidden-mobile e-flex e-con e-parent\" data-id=\"80ea0f1\" data-element_type=\"container\" data-settings=\"{&quot;background_background&quot;:&quot;classic&quot;}\">\n\t\t<div class=\"elementor-element elementor-element-3c00365 e-con-full e-flex e-con e-child\" data-id=\"3c00365\" data-element_type=\"container\">\n\t\t<div class=\"elementor-element elementor-element-4855ac1 e-con-full e-flex e-con e-child\" data-id=\"4855ac1\" data-element_type=\"container\">\n\t\t\t\t<div class=\"elementor-element elementor-element-f266f79 elementor-widget__width-initial elementor-widget elementor-widget-heading\" data-id=\"f266f79\" data-element_type=\"widget\" data-widget_type=\"heading.default\">\n\t\t\t\t\t<h2 class=\"elementor-heading-title elementor-size-default\">M\u00e1te ot\u00e1zku \n<br> alebo potrebujete poradi\u0165?<\/h2>\t\t\t\t<\/div>\n\t\t\t\t<div class=\"elementor-element elementor-element-b98488e elementor-widget__width-initial elementor-widget elementor-widget-text-editor\" data-id=\"b98488e\" data-element_type=\"widget\" data-widget_type=\"text-editor.default\">\n\t\t\t\t\t\t\t\t\t<p>Nev\u00e1hajte n\u00e1s kontaktova\u0165. S rados\u0165ou v\u00e1m pom\u00f4\u017eeme, vysvetl\u00edme v\u0161etky detaily a odporu\u010d\u00edme rie\u0161enie, ktor\u00e9 bude pre v\u00e1s najvhodnej\u0161ie.<\/p>\t\t\t\t\t\t\t\t<\/div>\n\t\t\t\t<\/div>\n\t\t<div class=\"elementor-element elementor-element-7636530 e-con-full e-flex e-con e-child\" data-id=\"7636530\" data-element_type=\"container\">\n\t\t\t\t<div class=\"elementor-element elementor-element-4a9c9af elementor-align-center elementor-widget__width-initial elementor-widget elementor-widget-button\" data-id=\"4a9c9af\" data-element_type=\"widget\" data-widget_type=\"button.default\">\n\t\t\t\t\t\t\t\t\t\t<a class=\"elementor-button elementor-button-link elementor-size-sm\" href=\"\/kontakt\">\n\t\t\t\t\t\t<span class=\"elementor-button-content-wrapper\">\n\t\t\t\t\t\t<span class=\"elementor-button-icon\">\n\t\t\t\t<svg xmlns=\"http:\/\/www.w3.org\/2000\/svg\" width=\"12\" height=\"12\" viewBox=\"0 0 12 12\" fill=\"none\"><path d=\"M1.70589 11.3066L9.60428 3.40826V10.3096C9.60428 10.8612 10.0568 11.3137 10.6084 11.3137C10.7393 11.3138 10.869 11.2881 10.9901 11.2381C11.1111 11.188 11.2211 11.1146 11.3137 11.022C11.4063 10.9294 11.4797 10.8194 11.5298 10.6984C11.5798 10.5774 11.6055 10.4477 11.6054 10.3167V0.997021C11.6055 0.866053 11.5798 0.736344 11.5298 0.615319C11.4797 0.494294 11.4063 0.38433 11.3137 0.291722C11.2211 0.199113 11.1111 0.125678 10.9901 0.0756211C10.869 0.0255637 10.7393 -0.000133746 10.6084 5.2346e-07H1.2887C1.15777 5.2346e-07 1.02812 0.0257902 0.907159 0.0758952C0.786195 0.126 0.676285 0.19944 0.583703 0.292022C0.491121 0.384604 0.417681 0.494515 0.367576 0.615479C0.317471 0.736443 0.291681 0.86609 0.291681 0.997021C0.291681 1.12795 0.317471 1.2576 0.367576 1.37856C0.417681 1.49953 0.491121 1.60944 0.583703 1.70202C0.676285 1.7946 0.786195 1.86804 0.907159 1.91815C1.02812 1.96825 1.15777 1.99404 1.2887 1.99404L8.19006 1.99404L0.291682 9.89242C-0.097227 10.2813 -0.0972274 10.9177 0.291681 11.3066C0.68059 11.6955 1.31699 11.6955 1.70589 11.3066Z\" fill=\"white\"><\/path><\/svg>\t\t\t<\/span>\n\t\t\t\t\t\t\t\t\t<span class=\"elementor-button-text\">Kontakt<\/span>\n\t\t\t\t\t<\/span>\n\t\t\t\t\t<\/a>\n\t\t\t\t\t\t\t\t<\/div>\n\t\t\t\t<\/div>\n\t\t\t\t<\/div>\n\t\t\t\t<\/div>\n\t\t\t\t<\/div>\n\t\t","protected":false},"excerpt":{"rendered":"<p>BLOG Odborn\u00edci na farby, laky, n\u00e1radie a z\u00e1hradk\u00e1rske potreby. BLOG Tipy, rady a novinky pre dom\u00e1cnos\u0165, diel\u0148u a z\u00e1hradu. Objavte praktick\u00e9 \u010dl\u00e1nky. NOVINKY Odborn\u00edci na farby, laky, n\u00e1radie a z\u00e1hradk\u00e1rske potreby. M\u00e1te ot\u00e1zku alebo potrebujete poradi\u0165? Nev\u00e1hajte n\u00e1s kontaktova\u0165. S rados\u0165ou v\u00e1m pom\u00f4\u017eeme, vysvetl\u00edme v\u0161etky detaily a odporu\u010d\u00edme rie\u0161enie, ktor\u00e9 bude pre v\u00e1s najvhodnej\u0161ie. Kontakt [&hellip;]<\/p>\n","protected":false},"author":1,"featured_media":0,"parent":0,"menu_order":0,"comment_status":"closed","ping_status":"closed","template":"","meta":{"footnotes":""},"class_list":["post-2256","page","type-page","status-publish","hentry"],"_links":{"self":[{"href":"https:\/\/mgscolor.sk\/index.php?rest_route=\/wp\/v2\/pages\/2256","targetHints":{"allow":["GET"]}}],"collection":[{"href":"https:\/\/mgscolor.sk\/index.php?rest_route=\/wp\/v2\/pages"}],"about":[{"href":"https:\/\/mgscolor.sk\/index.php?rest_route=\/wp\/v2\/types\/page"}],"author":[{"embeddable":true,"href":"https:\/\/mgscolor.sk\/index.php?rest_route=\/wp\/v2\/users\/1"}],"replies":[{"embeddable":true,"href":"https:\/\/mgscolor.sk\/index.php?rest_route=%2Fwp%2Fv2%2Fcomments&post=2256"}],"version-history":[{"count":55,"href":"https:\/\/mgscolor.sk\/index.php?rest_route=\/wp\/v2\/pages\/2256\/revisions"}],"predecessor-version":[{"id":3419,"href":"https:\/\/mgscolor.sk\/index.php?rest_route=\/wp\/v2\/pages\/2256\/revisions\/3419"}],"wp:attachment":[{"href":"https:\/\/mgscolor.sk\/index.php?rest_route=%2Fwp%2Fv2%2Fmedia&parent=2256"}],"curies":[{"name":"wp","href":"https:\/\/api.w.org\/{rel}","templated":true}]}}